{"id":219,"date":"2021-01-31T18:51:43","date_gmt":"2021-01-31T18:51:43","guid":{"rendered":"https:\/\/ajtokiraly.hu\/wp\/?page_id=219"},"modified":"2021-02-06T17:35:12","modified_gmt":"2021-02-06T17:35:12","slug":"garancialis-hibabajelentes","status":"publish","type":"page","link":"https:\/\/ajtokiraly.hu\/wp\/garancialis-hibabajelentes\/","title":{"rendered":"Garanci\u00e1lis hibabajelent\u00e9s"},"content":{"rendered":"<p>[vc_row css=&#8221;.vc_custom_1612119100984{margin-top: 35px !important;margin-bottom: 20px !important;}&#8221;][vc_column][vc_column_text]<\/p>\n<h3 style=\"text-align: center;\">Ha az ajt\u00f3kat Megrendel\u0151 \u00e9p\u00edtette be, \u00fagy azokra garanci\u00e1t v\u00e1llalni nem tudunk.<\/h3>\n<h2 style=\"text-align: center;\"><strong>Amennyiben garanci\u00e1lis id\u0151n bel\u00fcl probl\u00e9ma mer\u00fcl fel a be\u00e9p\u00edtett ajt\u00f3kkal kapcsolatban, k\u00e9rj\u00fck jelezze az al\u00e1bbi el\u00e9rhet\u0151s\u00e9gen:<\/strong><\/h2>\n<h3 style=\"text-align: center;\"><a href=\"mailto:info@ajtokiraly.hu\">info@ajtokiraly.hu<\/a><\/h3>\n<h5 style=\"text-align: center;\"><em>K\u00e9rj\u00fck az email-ben \u00edrja meg a pontos c\u00edmet \u00e9s el\u00e9rhet\u0151s\u00e9get illetve r\u00f6viden a hiba ok\u00e1t.<\/em><\/h5>\n<p>[\/vc_column_text][\/vc_column][\/vc_row]<\/p>\n","protected":false},"excerpt":{"rendered":"<p>[vc_row css=&#8221;.vc_custom_1612119100984{margin-top: 35px !important;margin-bottom: 20px !important;}&#8221;][vc_column][vc_column_text] Ha az ajt\u00f3kat Megrendel\u0151 \u00e9p\u00edtette be, \u00fagy azokra garanci\u00e1t v\u00e1llalni nem tudunk. Amennyiben garanci\u00e1lis id\u0151n bel\u00fcl probl\u00e9ma mer\u00fcl fel a be\u00e9p\u00edtett ajt\u00f3kkal kapcsolatban, k\u00e9rj\u00fck jelezze az al\u00e1bbi el\u00e9rhet\u0151s\u00e9gen: info@ajtokiraly.hu K\u00e9rj\u00fck az email-ben \u00edrja meg a pontos c\u00edmet \u00e9s el\u00e9rhet\u0151s\u00e9get illetve r\u00f6viden a hiba ok\u00e1t. [\/vc_column_text][\/vc_column][\/vc_row]<\/p>\n","protected":false},"author":3,"featured_media":0,"parent":0,"menu_order":0,"comment_status":"closed","ping_status":"closed","template":"page-templates\/template-fullwidth.php","meta":[],"_links":{"self":[{"href":"https:\/\/ajtokiraly.hu\/wp\/wp-json\/wp\/v2\/pages\/219"}],"collection":[{"href":"https:\/\/ajtokiraly.hu\/wp\/wp-json\/wp\/v2\/pages"}],"about":[{"href":"https:\/\/ajtokiraly.hu\/wp\/wp-json\/wp\/v2\/types\/page"}],"author":[{"embeddable":true,"href":"https:\/\/ajtokiraly.hu\/wp\/wp-json\/wp\/v2\/users\/3"}],"replies":[{"embeddable":true,"href":"https:\/\/ajtokiraly.hu\/wp\/wp-json\/wp\/v2\/comments?post=219"}],"version-history":[{"count":3,"href":"https:\/\/ajtokiraly.hu\/wp\/wp-json\/wp\/v2\/pages\/219\/revisions"}],"predecessor-version":[{"id":316,"href":"https:\/\/ajtokiraly.hu\/wp\/wp-json\/wp\/v2\/pages\/219\/revisions\/316"}],"wp:attachment":[{"href":"https:\/\/ajtokiraly.hu\/wp\/wp-json\/wp\/v2\/media?parent=219"}],"curies":[{"name":"wp","href":"https:\/\/api.w.org\/{rel}","templated":true}]}}