{"id":627,"date":"2021-03-10T09:07:58","date_gmt":"2021-03-10T09:07:58","guid":{"rendered":"https:\/\/ajtokiraly.hu\/wp\/?page_id=627"},"modified":"2021-03-10T09:07:58","modified_gmt":"2021-03-10T09:07:58","slug":"csaladi-hazak","status":"publish","type":"page","link":"https:\/\/ajtokiraly.hu\/wp\/csaladi-hazak\/","title":{"rendered":"Csal\u00e1di h\u00e1zak"},"content":{"rendered":"<p>[vc_row][vc_column][vc_column_text][\/vc_column_text][\/vc_column][\/vc_row][vc_row][vc_column width=&#8221;1\/6&#8243;][\/vc_column][vc_column width=&#8221;1\/6&#8243;][vc_single_image image=&#8221;344&#8243;][\/vc_column][vc_column width=&#8221;1\/3&#8243;][vc_column_text]<\/p>\n<h4 style=\"text-align: justify;\"><a href=\"https:\/\/ajtokiraly.hu\/wp\/kapcsolat\/\"><strong>K\u00e9rjen aj\u00e1nlatot!<\/strong><\/a><\/h4>\n<p style=\"text-align: justify;\">Legyen az \u00faj\u00e9p\u00edt\u00e9s\u0171 vagy fel\u00faj\u00edtott csal\u00e1di h\u00e1z, n\u00e1lunk az egyszer\u0171t\u0151l a diz\u00e1jn elemekkel kieg\u00e9sz\u00edtett, modern ajt\u00f3ik, a sz\u0171kebbt\u0151l a t\u00e1gas falny\u00edl\u00e1sokig.<\/p>\n<p style=\"text-align: justify;\">Extra favastags\u00e1gra, a s\u00f6t\u00e9t sz\u00edn\u0171t\u0151l a legvil\u00e1gosabbig, az <strong>INVADO<\/strong> belt\u00e9ri ajt\u00f3k sz\u00e9les v\u00e1laszt\u00e9k\u00e1b\u00f3l \u00d6n is tal\u00e1l \u00edzl\u00e9s\u00e9nek megfelel\u0151t.<\/p>\n<p>[\/vc_column_text][\/vc_column][\/vc_row]<\/p>\n","protected":false},"excerpt":{"rendered":"<p>[vc_row][vc_column][vc_column_text][\/vc_column_text][\/vc_column][\/vc_row][vc_row][vc_column width=&#8221;1\/6&#8243;][\/vc_column][vc_column width=&#8221;1\/6&#8243;][vc_single_image image=&#8221;344&#8243;][\/vc_column][vc_column width=&#8221;1\/3&#8243;][vc_column_text] K\u00e9rjen aj\u00e1nlatot! Legyen az \u00faj\u00e9p\u00edt\u00e9s\u0171 vagy fel\u00faj\u00edtott csal\u00e1di h\u00e1z, n\u00e1lunk az egyszer\u0171t\u0151l a diz\u00e1jn elemekkel kieg\u00e9sz\u00edtett, modern ajt\u00f3ik, a sz\u0171kebbt\u0151l a t\u00e1gas falny\u00edl\u00e1sokig. Extra favastags\u00e1gra, a s\u00f6t\u00e9t sz\u00edn\u0171t\u0151l a legvil\u00e1gosabbig, az INVADO belt\u00e9ri ajt\u00f3k sz\u00e9les v\u00e1laszt\u00e9k\u00e1b\u00f3l \u00d6n is tal\u00e1l \u00edzl\u00e9s\u00e9nek megfelel\u0151t. [\/vc_column_text][\/vc_column][\/vc_row]<\/p>\n","protected":false},"author":1,"featured_media":0,"parent":0,"menu_order":0,"comment_status":"closed","ping_status":"closed","template":"page-templates\/template-fullwidth.php","meta":[],"_links":{"self":[{"href":"https:\/\/ajtokiraly.hu\/wp\/wp-json\/wp\/v2\/pages\/627"}],"collection":[{"href":"https:\/\/ajtokiraly.hu\/wp\/wp-json\/wp\/v2\/pages"}],"about":[{"href":"https:\/\/ajtokiraly.hu\/wp\/wp-json\/wp\/v2\/types\/page"}],"author":[{"embeddable":true,"href":"https:\/\/ajtokiraly.hu\/wp\/wp-json\/wp\/v2\/users\/1"}],"replies":[{"embeddable":true,"href":"https:\/\/ajtokiraly.hu\/wp\/wp-json\/wp\/v2\/comments?post=627"}],"version-history":[{"count":10,"href":"https:\/\/ajtokiraly.hu\/wp\/wp-json\/wp\/v2\/pages\/627\/revisions"}],"predecessor-version":[{"id":654,"href":"https:\/\/ajtokiraly.hu\/wp\/wp-json\/wp\/v2\/pages\/627\/revisions\/654"}],"wp:attachment":[{"href":"https:\/\/ajtokiraly.hu\/wp\/wp-json\/wp\/v2\/media?parent=627"}],"curies":[{"name":"wp","href":"https:\/\/api.w.org\/{rel}","templated":true}]}}